{"id":34,"date":"2017-06-12T23:28:46","date_gmt":"2017-06-12T23:28:46","guid":{"rendered":"http:\/\/background3.hospedagemdesites.ws\/2017\/?page_id=34"},"modified":"2025-07-01T21:09:10","modified_gmt":"2025-07-02T00:09:10","slug":"home","status":"publish","type":"page","link":"https:\/\/www.background.com.br\/","title":{"rendered":"Home"},"content":{"rendered":"<p>[addthis tool=addthis_horizontal_follow_toolbox]<\/p>\n<h3 class=\"tool-gallery-settings-page-footer\" style=\"font-size: 40px; text-align: center;\"><strong>&#8220;Solu\u00e7\u00f5es em<\/strong><br \/>\n<strong> comunica\u00e7\u00e3o para<\/strong><br \/>\n<strong> a sua empresa&#8221;<\/strong><\/h3>\n<p style=\"text-align: center;\"><a href=\"https:\/\/www.background.com.br\/index.php?page_id=135\" class=\"btn btn-primary  outline animate\">Assessoria de Imprensa<\/a><a href=\"https:\/\/www.background.com.br\/index.php?page_id=69\" class=\"btn btn-primary  outline animate\">An\u00e1lise de M\u00eddia<\/a><\/p>\n","protected":false},"excerpt":{"rendered":"<p>[addthis tool=addthis_horizontal_follow_toolbox] &#8220;Solu\u00e7\u00f5es em comunica\u00e7\u00e3o para a sua empresa&#8221;<\/p>\n","protected":false},"author":1,"featured_media":411,"parent":0,"menu_order":0,"comment_status":"closed","ping_status":"closed","template":"page-templates\/cover-grid.php","meta":{"footnotes":""},"class_list":["post-34","page","type-page","status-publish","has-post-thumbnail","hentry"],"yoast_head":"<!-- This site is optimized with the Yoast SEO plugin v20.11 - https:\/\/yoast.com\/wordpress\/plugins\/seo\/ -->\n<title>Home - Background<\/title>\n<meta name=\"robots\" content=\"index, follow, max-snippet:-1, max-image-preview:large, max-video-preview:-1\" \/>\n<link rel=\"canonical\" href=\"https:\/\/www.background.com.br\/\" \/>\n<meta property=\"og:locale\" content=\"pt_BR\" \/>\n<meta property=\"og:type\" content=\"article\" \/>\n<meta property=\"og:title\" content=\"Home - Background\" \/>\n<meta property=\"og:description\" content=\"[addthis tool=addthis_horizontal_follow_toolbox] &#8220;Solu\u00e7\u00f5es em comunica\u00e7\u00e3o para a sua empresa&#8221;\" \/>\n<meta property=\"og:url\" content=\"https:\/\/www.background.com.br\/\" \/>\n<meta property=\"og:site_name\" content=\"Background\" \/>\n<meta property=\"article:modified_time\" content=\"2025-07-02T00:09:10+00:00\" \/>\n<meta property=\"og:image\" content=\"https:\/\/www.background.com.br\/wp-content\/uploads\/2017\/06\/coffee-1276776_1920-capa2.png\" \/>\n\t<meta property=\"og:image:width\" content=\"1244\" \/>\n\t<meta property=\"og:image:height\" content=\"534\" \/>\n\t<meta property=\"og:image:type\" content=\"image\/png\" \/>\n<meta name=\"twitter:card\" content=\"summary_large_image\" \/>\n<meta name=\"twitter:label1\" content=\"Est. tempo de leitura\" \/>\n\t<meta name=\"twitter:data1\" content=\"1 minuto\" \/>\n<script type=\"application\/ld+json\" class=\"yoast-schema-graph\">{\"@context\":\"https:\/\/schema.org\",\"@graph\":[{\"@type\":\"WebPage\",\"@id\":\"https:\/\/www.background.com.br\/\",\"url\":\"https:\/\/www.background.com.br\/\",\"name\":\"Home - Background\",\"isPartOf\":{\"@id\":\"https:\/\/www.background.com.br\/#website\"},\"datePublished\":\"2017-06-12T23:28:46+00:00\",\"dateModified\":\"2025-07-02T00:09:10+00:00\",\"breadcrumb\":{\"@id\":\"https:\/\/www.background.com.br\/#breadcrumb\"},\"inLanguage\":\"pt-BR\",\"potentialAction\":[{\"@type\":\"ReadAction\",\"target\":[\"https:\/\/www.background.com.br\/\"]}]},{\"@type\":\"BreadcrumbList\",\"@id\":\"https:\/\/www.background.com.br\/#breadcrumb\",\"itemListElement\":[{\"@type\":\"ListItem\",\"position\":1,\"name\":\"In\u00edcio\",\"item\":\"https:\/\/www.background.com.br\/\"},{\"@type\":\"ListItem\",\"position\":2,\"name\":\"Home\"}]},{\"@type\":\"WebSite\",\"@id\":\"https:\/\/www.background.com.br\/#website\",\"url\":\"https:\/\/www.background.com.br\/\",\"name\":\"Background\",\"description\":\"Bem-vindo ao site da empresa pioneira em an\u00e1lise de m\u00eddia espont\u00e2nea\",\"potentialAction\":[{\"@type\":\"SearchAction\",\"target\":{\"@type\":\"EntryPoint\",\"urlTemplate\":\"https:\/\/www.background.com.br\/?s={search_term_string}\"},\"query-input\":\"required name=search_term_string\"}],\"inLanguage\":\"pt-BR\"}]}<\/script>\n<!-- \/ Yoast SEO plugin. -->","yoast_head_json":{"title":"Home - Background","robots":{"index":"index","follow":"follow","max-snippet":"max-snippet:-1","max-image-preview":"max-image-preview:large","max-video-preview":"max-video-preview:-1"},"canonical":"https:\/\/www.background.com.br\/","og_locale":"pt_BR","og_type":"article","og_title":"Home - Background","og_description":"[addthis tool=addthis_horizontal_follow_toolbox] &#8220;Solu\u00e7\u00f5es em comunica\u00e7\u00e3o para a sua empresa&#8221;","og_url":"https:\/\/www.background.com.br\/","og_site_name":"Background","article_modified_time":"2025-07-02T00:09:10+00:00","og_image":[{"width":1244,"height":534,"url":"https:\/\/www.background.com.br\/wp-content\/uploads\/2017\/06\/coffee-1276776_1920-capa2.png","type":"image\/png"}],"twitter_card":"summary_large_image","twitter_misc":{"Est. tempo de leitura":"1 minuto"},"schema":{"@context":"https:\/\/schema.org","@graph":[{"@type":"WebPage","@id":"https:\/\/www.background.com.br\/","url":"https:\/\/www.background.com.br\/","name":"Home - Background","isPartOf":{"@id":"https:\/\/www.background.com.br\/#website"},"datePublished":"2017-06-12T23:28:46+00:00","dateModified":"2025-07-02T00:09:10+00:00","breadcrumb":{"@id":"https:\/\/www.background.com.br\/#breadcrumb"},"inLanguage":"pt-BR","potentialAction":[{"@type":"ReadAction","target":["https:\/\/www.background.com.br\/"]}]},{"@type":"BreadcrumbList","@id":"https:\/\/www.background.com.br\/#breadcrumb","itemListElement":[{"@type":"ListItem","position":1,"name":"In\u00edcio","item":"https:\/\/www.background.com.br\/"},{"@type":"ListItem","position":2,"name":"Home"}]},{"@type":"WebSite","@id":"https:\/\/www.background.com.br\/#website","url":"https:\/\/www.background.com.br\/","name":"Background","description":"Bem-vindo ao site da empresa pioneira em an\u00e1lise de m\u00eddia espont\u00e2nea","potentialAction":[{"@type":"SearchAction","target":{"@type":"EntryPoint","urlTemplate":"https:\/\/www.background.com.br\/?s={search_term_string}"},"query-input":"required name=search_term_string"}],"inLanguage":"pt-BR"}]}},"_links":{"self":[{"href":"https:\/\/www.background.com.br\/index.php\/wp-json\/wp\/v2\/pages\/34","targetHints":{"allow":["GET"]}}],"collection":[{"href":"https:\/\/www.background.com.br\/index.php\/wp-json\/wp\/v2\/pages"}],"about":[{"href":"https:\/\/www.background.com.br\/index.php\/wp-json\/wp\/v2\/types\/page"}],"author":[{"embeddable":true,"href":"https:\/\/www.background.com.br\/index.php\/wp-json\/wp\/v2\/users\/1"}],"replies":[{"embeddable":true,"href":"https:\/\/www.background.com.br\/index.php\/wp-json\/wp\/v2\/comments?post=34"}],"version-history":[{"count":81,"href":"https:\/\/www.background.com.br\/index.php\/wp-json\/wp\/v2\/pages\/34\/revisions"}],"predecessor-version":[{"id":8966,"href":"https:\/\/www.background.com.br\/index.php\/wp-json\/wp\/v2\/pages\/34\/revisions\/8966"}],"wp:featuredmedia":[{"embeddable":true,"href":"https:\/\/www.background.com.br\/index.php\/wp-json\/wp\/v2\/media\/411"}],"wp:attachment":[{"href":"https:\/\/www.background.com.br\/index.php\/wp-json\/wp\/v2\/media?parent=34"}],"curies":[{"name":"wp","href":"https:\/\/api.w.org\/{rel}","templated":true}]}}