{"id":212,"date":"2017-07-11T15:53:32","date_gmt":"2017-07-11T15:53:32","guid":{"rendered":"http:\/\/background3.hospedagemdesites.ws\/2017\/?page_id=212"},"modified":"2019-01-14T12:36:49","modified_gmt":"2019-01-14T14:36:49","slug":"clientes","status":"publish","type":"page","link":"https:\/\/www.background.com.br\/index.php\/clientes\/","title":{"rendered":"Clientes"},"content":{"rendered":"<p>A\u00a0<strong><span class=\"il\">Background<\/span> Maxx Comunica\u00e7\u00e3o<\/strong>\u00a0tem em seu portf\u00f3lio empresas como: TJ-RJ, CCPJ Rio, Metr\u00f4Rio, Biamap.com, Instituto Oi Futuro, GasNatural Fenosa, CEG\/CEG RIO, Rio Convention &amp; Visitors Bureau, Euro Comunica\u00e7\u00e3o, Vander Produ\u00e7\u00f5es Art\u00edsticas, VeraStar Cria\u00e7\u00f5es Art\u00edsticas, Frida Produ\u00e7\u00f5es Culturais, Universidade Veiga de Almeida e Curso Radix, entre outras.<\/p>\n<p>&nbsp;<\/p>\n<p><img loading=\"lazy\" decoding=\"async\" class=\"alignnone wp-image-277 alignleft\" src=\"https:\/\/www.background.com.br\/2017\/wp-content\/uploads\/2017\/07\/metro-rio-original2.png\" alt=\"\" width=\"69\" height=\"69\" \/> <img loading=\"lazy\" decoding=\"async\" class=\"alignnone wp-image-281 alignleft\" src=\"https:\/\/www.background.com.br\/2017\/wp-content\/uploads\/2017\/07\/Oi_futuro_logo_ltp_ok2.png\" alt=\"\" width=\"66\" height=\"66\" srcset=\"https:\/\/www.background.com.br\/wp-content\/uploads\/2017\/07\/Oi_futuro_logo_ltp_ok2.png 200w, https:\/\/www.background.com.br\/wp-content\/uploads\/2017\/07\/Oi_futuro_logo_ltp_ok2-150x150.png 150w\" sizes=\"auto, (max-width: 66px) 100vw, 66px\" \/> <img loading=\"lazy\" decoding=\"async\" class=\"alignleft wp-image-276\" src=\"https:\/\/www.background.com.br\/2017\/wp-content\/uploads\/2017\/07\/gas-natural-fenosa-logo-ok2.png\" alt=\"\" width=\"90\" height=\"90\" \/> <img loading=\"lazy\" decoding=\"async\" class=\"alignleft wp-image-168\" src=\"https:\/\/www.background.com.br\/2017\/wp-content\/uploads\/2017\/06\/rio-convention-261x300.png\" alt=\"\" width=\"57\" height=\"65\" \/> <img loading=\"lazy\" decoding=\"async\" class=\"alignnone wp-image-274 alignleft\" src=\"https:\/\/www.background.com.br\/2017\/wp-content\/uploads\/2017\/07\/ccpj2.png\" alt=\"\" width=\"65\" height=\"65\" srcset=\"https:\/\/www.background.com.br\/wp-content\/uploads\/2017\/07\/ccpj2.png 200w, https:\/\/www.background.com.br\/wp-content\/uploads\/2017\/07\/ccpj2-150x150.png 150w\" sizes=\"auto, (max-width: 65px) 100vw, 65px\" \/><img loading=\"lazy\" decoding=\"async\" class=\"wp-image-283 alignnone\" src=\"https:\/\/www.background.com.br\/2017\/wp-content\/uploads\/2017\/07\/bia-map-ok-1-e1505216247714.png\" alt=\"\" width=\"71\" height=\"40\" \/>\u00a0 \u00a0<img loading=\"lazy\" decoding=\"async\" class=\"alignnone wp-image-408\" src=\"https:\/\/www.background.com.br\/2017\/wp-content\/uploads\/2017\/10\/logo_UVA_em_alta-300x177.jpg\" alt=\"\" width=\"93\" height=\"55\" srcset=\"https:\/\/www.background.com.br\/wp-content\/uploads\/2017\/10\/logo_UVA_em_alta-300x177.jpg 300w, https:\/\/www.background.com.br\/wp-content\/uploads\/2017\/10\/logo_UVA_em_alta-768x453.jpg 768w, https:\/\/www.background.com.br\/wp-content\/uploads\/2017\/10\/logo_UVA_em_alta-1024x604.jpg 1024w, https:\/\/www.background.com.br\/wp-content\/uploads\/2017\/10\/logo_UVA_em_alta.jpg 1600w\" sizes=\"auto, (max-width: 93px) 100vw, 93px\" \/>\u00a0\u00a0<img loading=\"lazy\" decoding=\"async\" class=\"alignnone wp-image-409\" src=\"https:\/\/www.background.com.br\/2017\/wp-content\/uploads\/2017\/10\/radix-300x161.jpg\" alt=\"\" width=\"94\" height=\"51\" srcset=\"https:\/\/www.background.com.br\/wp-content\/uploads\/2017\/10\/radix-300x161.jpg 300w, https:\/\/www.background.com.br\/wp-content\/uploads\/2017\/10\/radix.jpg 400w\" sizes=\"auto, (max-width: 94px) 100vw, 94px\" \/><\/p>\n","protected":false},"excerpt":{"rendered":"<p>A\u00a0Background Maxx Comunica\u00e7\u00e3o\u00a0tem em seu portf\u00f3lio empresas como: TJ-RJ, CCPJ Rio, Metr\u00f4Rio, Biamap.com, Instituto Oi Futuro, GasNatural Fenosa, CEG\/CEG RIO, [&hellip;]<\/p>\n","protected":false},"author":1,"featured_media":0,"parent":0,"menu_order":0,"comment_status":"closed","ping_status":"closed","template":"","meta":{"footnotes":""},"class_list":["post-212","page","type-page","status-publish","hentry"],"yoast_head":"<!-- This site is optimized with the Yoast SEO plugin v20.11 - https:\/\/yoast.com\/wordpress\/plugins\/seo\/ -->\n<title>Clientes - Background<\/title>\n<meta name=\"robots\" content=\"index, follow, max-snippet:-1, max-image-preview:large, max-video-preview:-1\" \/>\n<link rel=\"canonical\" href=\"https:\/\/www.background.com.br\/index.php\/clientes\/\" \/>\n<meta property=\"og:locale\" content=\"pt_BR\" \/>\n<meta property=\"og:type\" content=\"article\" \/>\n<meta property=\"og:title\" content=\"Clientes - Background\" \/>\n<meta property=\"og:description\" content=\"A\u00a0Background Maxx Comunica\u00e7\u00e3o\u00a0tem em seu portf\u00f3lio empresas como: TJ-RJ, CCPJ Rio, Metr\u00f4Rio, Biamap.com, Instituto Oi Futuro, GasNatural Fenosa, CEG\/CEG RIO, [&hellip;]\" \/>\n<meta property=\"og:url\" content=\"https:\/\/www.background.com.br\/index.php\/clientes\/\" \/>\n<meta property=\"og:site_name\" content=\"Background\" \/>\n<meta property=\"article:modified_time\" content=\"2019-01-14T14:36:49+00:00\" \/>\n<meta property=\"og:image\" content=\"http:\/\/www.background.com.br\/2017\/wp-content\/uploads\/2017\/07\/metro-rio-original2.png\" \/>\n<meta name=\"twitter:card\" content=\"summary_large_image\" \/>\n<script type=\"application\/ld+json\" class=\"yoast-schema-graph\">{\"@context\":\"https:\/\/schema.org\",\"@graph\":[{\"@type\":\"WebPage\",\"@id\":\"https:\/\/www.background.com.br\/index.php\/clientes\/\",\"url\":\"https:\/\/www.background.com.br\/index.php\/clientes\/\",\"name\":\"Clientes - Background\",\"isPartOf\":{\"@id\":\"https:\/\/www.background.com.br\/#website\"},\"datePublished\":\"2017-07-11T15:53:32+00:00\",\"dateModified\":\"2019-01-14T14:36:49+00:00\",\"breadcrumb\":{\"@id\":\"https:\/\/www.background.com.br\/index.php\/clientes\/#breadcrumb\"},\"inLanguage\":\"pt-BR\",\"potentialAction\":[{\"@type\":\"ReadAction\",\"target\":[\"https:\/\/www.background.com.br\/index.php\/clientes\/\"]}]},{\"@type\":\"BreadcrumbList\",\"@id\":\"https:\/\/www.background.com.br\/index.php\/clientes\/#breadcrumb\",\"itemListElement\":[{\"@type\":\"ListItem\",\"position\":1,\"name\":\"In\u00edcio\",\"item\":\"https:\/\/www.background.com.br\/\"},{\"@type\":\"ListItem\",\"position\":2,\"name\":\"Clientes\"}]},{\"@type\":\"WebSite\",\"@id\":\"https:\/\/www.background.com.br\/#website\",\"url\":\"https:\/\/www.background.com.br\/\",\"name\":\"Background\",\"description\":\"Bem-vindo ao site da empresa pioneira em an\u00e1lise de m\u00eddia espont\u00e2nea\",\"potentialAction\":[{\"@type\":\"SearchAction\",\"target\":{\"@type\":\"EntryPoint\",\"urlTemplate\":\"https:\/\/www.background.com.br\/?s={search_term_string}\"},\"query-input\":\"required name=search_term_string\"}],\"inLanguage\":\"pt-BR\"}]}<\/script>\n<!-- \/ Yoast SEO plugin. -->","yoast_head_json":{"title":"Clientes - Background","robots":{"index":"index","follow":"follow","max-snippet":"max-snippet:-1","max-image-preview":"max-image-preview:large","max-video-preview":"max-video-preview:-1"},"canonical":"https:\/\/www.background.com.br\/index.php\/clientes\/","og_locale":"pt_BR","og_type":"article","og_title":"Clientes - Background","og_description":"A\u00a0Background Maxx Comunica\u00e7\u00e3o\u00a0tem em seu portf\u00f3lio empresas como: TJ-RJ, CCPJ Rio, Metr\u00f4Rio, Biamap.com, Instituto Oi Futuro, GasNatural Fenosa, CEG\/CEG RIO, [&hellip;]","og_url":"https:\/\/www.background.com.br\/index.php\/clientes\/","og_site_name":"Background","article_modified_time":"2019-01-14T14:36:49+00:00","og_image":[{"url":"http:\/\/www.background.com.br\/2017\/wp-content\/uploads\/2017\/07\/metro-rio-original2.png"}],"twitter_card":"summary_large_image","schema":{"@context":"https:\/\/schema.org","@graph":[{"@type":"WebPage","@id":"https:\/\/www.background.com.br\/index.php\/clientes\/","url":"https:\/\/www.background.com.br\/index.php\/clientes\/","name":"Clientes - Background","isPartOf":{"@id":"https:\/\/www.background.com.br\/#website"},"datePublished":"2017-07-11T15:53:32+00:00","dateModified":"2019-01-14T14:36:49+00:00","breadcrumb":{"@id":"https:\/\/www.background.com.br\/index.php\/clientes\/#breadcrumb"},"inLanguage":"pt-BR","potentialAction":[{"@type":"ReadAction","target":["https:\/\/www.background.com.br\/index.php\/clientes\/"]}]},{"@type":"BreadcrumbList","@id":"https:\/\/www.background.com.br\/index.php\/clientes\/#breadcrumb","itemListElement":[{"@type":"ListItem","position":1,"name":"In\u00edcio","item":"https:\/\/www.background.com.br\/"},{"@type":"ListItem","position":2,"name":"Clientes"}]},{"@type":"WebSite","@id":"https:\/\/www.background.com.br\/#website","url":"https:\/\/www.background.com.br\/","name":"Background","description":"Bem-vindo ao site da empresa pioneira em an\u00e1lise de m\u00eddia espont\u00e2nea","potentialAction":[{"@type":"SearchAction","target":{"@type":"EntryPoint","urlTemplate":"https:\/\/www.background.com.br\/?s={search_term_string}"},"query-input":"required name=search_term_string"}],"inLanguage":"pt-BR"}]}},"_links":{"self":[{"href":"https:\/\/www.background.com.br\/index.php\/wp-json\/wp\/v2\/pages\/212","targetHints":{"allow":["GET"]}}],"collection":[{"href":"https:\/\/www.background.com.br\/index.php\/wp-json\/wp\/v2\/pages"}],"about":[{"href":"https:\/\/www.background.com.br\/index.php\/wp-json\/wp\/v2\/types\/page"}],"author":[{"embeddable":true,"href":"https:\/\/www.background.com.br\/index.php\/wp-json\/wp\/v2\/users\/1"}],"replies":[{"embeddable":true,"href":"https:\/\/www.background.com.br\/index.php\/wp-json\/wp\/v2\/comments?post=212"}],"version-history":[{"count":16,"href":"https:\/\/www.background.com.br\/index.php\/wp-json\/wp\/v2\/pages\/212\/revisions"}],"predecessor-version":[{"id":7047,"href":"https:\/\/www.background.com.br\/index.php\/wp-json\/wp\/v2\/pages\/212\/revisions\/7047"}],"wp:attachment":[{"href":"https:\/\/www.background.com.br\/index.php\/wp-json\/wp\/v2\/media?parent=212"}],"curies":[{"name":"wp","href":"https:\/\/api.w.org\/{rel}","templated":true}]}}